
{"id":220,"date":"2009-02-07T20:13:57","date_gmt":"2009-02-07T18:13:57","guid":{"rendered":"http:\/\/wushu.ro\/?page_id=220"},"modified":"2023-02-16T16:21:50","modified_gmt":"2023-02-16T14:21:50","slug":"contact","status":"publish","type":"page","link":"https:\/\/wushu.ro\/?page_id=220","title":{"rendered":"Contact"},"content":{"rendered":"\t\t<div data-elementor-type=\"wp-page\" data-elementor-id=\"220\" class=\"elementor elementor-220\">\n\t\t\t\t\t\t<section class=\"elementor-section elementor-top-section elementor-element elementor-element-32ccf410 elementor-section-boxed elementor-section-height-default elementor-section-height-default exad-glass-effect-no exad-sticky-section-no\" data-id=\"32ccf410\" data-element_type=\"section\">\n\t\t\t\t\t\t<div class=\"elementor-container elementor-column-gap-default\">\n\t\t\t\t\t<div class=\"elementor-column elementor-col-100 elementor-top-column elementor-element elementor-element-68f82d54 exad-glass-effect-no exad-sticky-section-no\" data-id=\"68f82d54\" data-element_type=\"column\">\n\t\t\t<div class=\"elementor-widget-wrap elementor-element-populated\">\n\t\t\t\t\t\t<div class=\"elementor-element elementor-element-382828f0 exad-sticky-section-no exad-glass-effect-no elementor-widget elementor-widget-text-editor\" data-id=\"382828f0\" data-element_type=\"widget\" data-widget_type=\"text-editor.default\">\n\t\t\t\t<div class=\"elementor-widget-container\">\n\t\t\t\t\t\t\t\t\t<h3 style=\"text-align: justify;\"><span style=\"font-family: poppins; font-size: 14pt; color: #ffffff;\"><strong>FEDERA\u0162IA ROM\u00c2N\u0102 DE WUSHU KUNGFU<\/strong><\/span><\/h3><p><span style=\"font-size: 12pt; color: #d1d1d1;\">CIF: 40308876, BUCURE\u0218TI &#8211; SECTOR 2<\/span><\/p><p><span style=\"font-size: 12pt; color: #d1d1d1;\">BCR, IBAN: RO19RNCB0087161859270001<\/span><\/p><p><span style=\"font-family: poppins; font-size: 12pt; color: #d1d1d1;\"><strong>Telefon:<\/strong> (+40) 722 319 693<\/span><\/p><p><span style=\"font-family: poppins; font-size: 10pt; color: #d1d1d1;\"><strong>E-mail: <\/strong><a style=\"color: #d1d1d1;\" href=\"mailto:wushukungfu.ro@gmail.com\">wushukungfu.ro@gmail.com<\/a><\/span><\/p>\t\t\t\t\t\t\t\t<\/div>\n\t\t\t\t<\/div>\n\t\t\t\t\t<\/div>\n\t\t<\/div>\n\t\t\t\t\t<\/div>\n\t\t<\/section>\n\t\t\t\t<\/div>\n\t\t","protected":false},"excerpt":{"rendered":"<p>FEDERA\u0162IA ROM\u00c2N\u0102 DE WUSHU KUNGFU CIF: 40308876, BUCURE\u0218TI &#8211; SECTOR 2 BCR, IBAN: RO19RNCB0087161859270001 Telefon: (+40) 722 319 693 E-mail: wushukungfu.ro@gmail.com [wpdevart_like_box profile_id=&#8221;wushu.ro&#8221; stream=&#8221;hide&#8221; connections=&#8221;show&#8221; width=&#8221;300&#8243; height=&#8221;75&#8243; header=&#8221;small&#8221; cover_photo=&#8221;show&#8221; locale=&#8221;en_US&#8221;]<\/p>\n<p><span class=\"more-link\"><a href=\"https:\/\/wushu.ro\/?page_id=220\" class=\"readmore\">Mai mult<span class=\"screen-reader-text\">Contact<\/span><\/a><\/span><\/p>\n","protected":false},"author":1,"featured_media":0,"parent":0,"menu_order":8,"comment_status":"closed","ping_status":"closed","template":"","meta":{"_monsterinsights_skip_tracking":false,"_monsterinsights_sitenote_active":false,"_monsterinsights_sitenote_note":"","_monsterinsights_sitenote_category":0,"ngg_post_thumbnail":0,"footnotes":""},"class_list":["post-220","page","type-page","status-publish","hentry"],"jetpack_sharing_enabled":true,"_links":{"self":[{"href":"https:\/\/wushu.ro\/index.php?rest_route=\/wp\/v2\/pages\/220","targetHints":{"allow":["GET"]}}],"collection":[{"href":"https:\/\/wushu.ro\/index.php?rest_route=\/wp\/v2\/pages"}],"about":[{"href":"https:\/\/wushu.ro\/index.php?rest_route=\/wp\/v2\/types\/page"}],"author":[{"embeddable":true,"href":"https:\/\/wushu.ro\/index.php?rest_route=\/wp\/v2\/users\/1"}],"replies":[{"embeddable":true,"href":"https:\/\/wushu.ro\/index.php?rest_route=%2Fwp%2Fv2%2Fcomments&post=220"}],"version-history":[{"count":0,"href":"https:\/\/wushu.ro\/index.php?rest_route=\/wp\/v2\/pages\/220\/revisions"}],"wp:attachment":[{"href":"https:\/\/wushu.ro\/index.php?rest_route=%2Fwp%2Fv2%2Fmedia&parent=220"}],"curies":[{"name":"wp","href":"https:\/\/api.w.org\/{rel}","templated":true}]}}