
{"id":301,"date":"2009-03-22T15:40:35","date_gmt":"2009-03-22T13:40:35","guid":{"rendered":"http:\/\/wushu.ro\/?page_id=301"},"modified":"2024-01-05T18:51:31","modified_gmt":"2024-01-05T16:51:31","slug":"duan-wushu","status":"publish","type":"page","link":"https:\/\/wushu.ro\/?page_id=301","title":{"rendered":"Duan Wushu"},"content":{"rendered":"\t\t<div data-elementor-type=\"wp-page\" data-elementor-id=\"301\" class=\"elementor elementor-301\">\n\t\t\t\t\t\t<section class=\"elementor-section elementor-top-section elementor-element elementor-element-fc26c00 elementor-section-boxed elementor-section-height-default elementor-section-height-default exad-glass-effect-no exad-sticky-section-no\" data-id=\"fc26c00\" data-element_type=\"section\">\n\t\t\t\t\t\t<div class=\"elementor-container elementor-column-gap-default\">\n\t\t\t\t\t<div class=\"elementor-column elementor-col-100 elementor-top-column elementor-element elementor-element-8cec415 exad-glass-effect-no exad-sticky-section-no\" data-id=\"8cec415\" data-element_type=\"column\">\n\t\t\t<div class=\"elementor-widget-wrap elementor-element-populated\">\n\t\t\t\t\t\t<div class=\"elementor-element elementor-element-e9fe828 exad-sticky-section-no exad-glass-effect-no elementor-widget elementor-widget-heading\" data-id=\"e9fe828\" data-element_type=\"widget\" data-widget_type=\"heading.default\">\n\t\t\t\t<div class=\"elementor-widget-container\">\n\t\t\t\t\t<h3 class=\"elementor-heading-title elementor-size-default\">Grade inferioare \u0219i superioare \u00een Wushu Kungfu<\/h3>\t\t\t\t<\/div>\n\t\t\t\t<\/div>\n\t\t\t\t<div class=\"elementor-element elementor-element-94bb3a5 exad-sticky-section-no exad-glass-effect-no elementor-widget elementor-widget-text-editor\" data-id=\"94bb3a5\" data-element_type=\"widget\" data-widget_type=\"text-editor.default\">\n\t\t\t\t<div class=\"elementor-widget-container\">\n\t\t\t\t\t\t\t\t\t<p><span style=\"font-size: 12pt; color: #d1cdcd;\">Sistemul de grade din Wushu Kungfu contribuie la ridicarea nivelului tehnic al practican\u021bilor, fie ace\u0219tia sportivi de perfoman\u021b\u0103, instructori, antrenori, arbitri sau iubitori ai acestei arte mar\u021biale.\u00a0<\/span><\/p><ul><li style=\"text-align: justify;\"><span style=\"color: #d1cdcd;\"><span style=\"font-size: 12pt;\">Gradele inferioare se \u00eempart pe trei niveluri, fiecare dintre acestea cuprinz\u00e2nd, la r\u00e2ndul lor, c\u00e2te trei centuri.\u00a0<\/span><\/span><\/li><li style=\"text-align: justify;\"><span style=\"color: #d1cdcd;\"><span style=\"font-size: 12pt;\">Gradele inferioare (centura alb\u0103 -&gt; neagr\u0103 inclusiv) se acord\u0103 la cluburile sportive, cu condi\u021bia ca examinatorul s\u0103 de\u021bin\u0103 cel pu\u021bin gradul DRAGONUL DE AUR 1 DUAN (centura neagr\u0103 1 duan).\u00a0<\/span><\/span><\/li><li style=\"text-align: justify;\"><span style=\"color: #d1cdcd;\"><span style=\"font-size: 12pt;\"><em>Nivelul de \u00eencep\u0103tor va fi dat obligatoriu din programa de taolu, la alegere \u00eentre Changquan, Nanquan \u0219i Taijiquan.\u00a0<\/em><\/span><\/span><\/li><li style=\"text-align: justify;\"><span style=\"color: #d1cdcd;\"><span style=\"font-size: 12pt;\"><em>\u00cencep\u00e2nd cu nivelul mediu, va ap\u0103rea \u0219i posibilitatea alegerii programei de Sanda pentru urm\u0103toarele examin\u0103ri.<\/em><\/span><\/span><\/li><li style=\"text-align: justify;\"><span style=\"font-size: 12pt; color: #d1cdcd;\">\u00cen urma examin\u0103rilor sus\u021binute la cluburi, omologarea la federa\u021bie este obligatorie, \u00een vederea ob\u021binerii gradului. La solicitarea cluburilor sportive, FRWK elibereaz\u0103 diploma de grad \u0219i emblema brodat\u0103 aferent\u0103 nivelului ob\u021binut.<\/span><\/li><li><span style=\"font-size: 12pt;\"><span style=\"color: #d1cdcd;\">Gradele superioare (\u00eencep\u00e2nd cu 1 Duan) se pot acorda doar de c\u0103tre persoanele autorizate de federa\u021bie.\u00a0<\/span><\/span><\/li><\/ul>\t\t\t\t\t\t\t\t<\/div>\n\t\t\t\t<\/div>\n\t\t\t\t\t<\/div>\n\t\t<\/div>\n\t\t\t\t\t<\/div>\n\t\t<\/section>\n\t\t\t\t<section class=\"elementor-section elementor-top-section elementor-element elementor-element-56c4c64 elementor-section-boxed elementor-section-height-default elementor-section-height-default exad-glass-effect-no exad-sticky-section-no\" data-id=\"56c4c64\" data-element_type=\"section\">\n\t\t\t\t\t\t<div class=\"elementor-container elementor-column-gap-default\">\n\t\t\t\t\t<div class=\"elementor-column elementor-col-33 elementor-top-column elementor-element elementor-element-89425c7 exad-glass-effect-no exad-sticky-section-no\" data-id=\"89425c7\" data-element_type=\"column\">\n\t\t\t<div class=\"elementor-widget-wrap elementor-element-populated\">\n\t\t\t\t\t\t<div class=\"elementor-element elementor-element-8f39f20 exad-sticky-section-no exad-glass-effect-no elementor-widget elementor-widget-heading\" data-id=\"8f39f20\" data-element_type=\"widget\" data-widget_type=\"heading.default\">\n\t\t\t\t<div class=\"elementor-widget-container\">\n\t\t\t\t\t<h5 class=\"elementor-heading-title elementor-size-default\">Nivelul \u00eencep\u0103tor<\/h5>\t\t\t\t<\/div>\n\t\t\t\t<\/div>\n\t\t\t\t<div class=\"elementor-element elementor-element-d257620 exad-sticky-section-no exad-glass-effect-no elementor-widget elementor-widget-image\" data-id=\"d257620\" data-element_type=\"widget\" data-widget_type=\"image.default\">\n\t\t\t\t<div class=\"elementor-widget-container\">\n\t\t\t\t\t\t\t\t\t\t\t\t<figure class=\"wp-caption\">\n\t\t\t\t\t\t\t\t\t\t<img decoding=\"async\" width=\"100\" height=\"100\" src=\"https:\/\/wushu.ro\/wp-content\/uploads\/2015\/08\/vultur-bronz-100x100.png\" class=\"attachment-coolwp-mini-image size-coolwp-mini-image wp-image-2222\" alt=\"\" srcset=\"https:\/\/wushu.ro\/wp-content\/uploads\/2015\/08\/vultur-bronz-100x100.png 100w, https:\/\/wushu.ro\/wp-content\/uploads\/2015\/08\/vultur-bronz-150x150.png 150w, https:\/\/wushu.ro\/wp-content\/uploads\/2015\/08\/vultur-bronz.png 294w\" sizes=\"(max-width: 100px) 100vw, 100px\" \/>\t\t\t\t\t\t\t\t\t\t\t<figcaption class=\"widget-image-caption wp-caption-text\">centura alb\u0103<\/figcaption>\n\t\t\t\t\t\t\t\t\t\t<\/figure>\n\t\t\t\t\t\t\t\t\t<\/div>\n\t\t\t\t<\/div>\n\t\t\t\t<div class=\"elementor-element elementor-element-111cbd1 exad-sticky-section-no exad-glass-effect-no elementor-widget elementor-widget-image\" data-id=\"111cbd1\" data-element_type=\"widget\" data-widget_type=\"image.default\">\n\t\t\t\t<div class=\"elementor-widget-container\">\n\t\t\t\t\t\t\t\t\t\t\t\t<figure class=\"wp-caption\">\n\t\t\t\t\t\t\t\t\t\t<img decoding=\"async\" width=\"100\" height=\"100\" src=\"https:\/\/wushu.ro\/wp-content\/uploads\/2015\/08\/vultur-argint-100x100.png\" class=\"attachment-coolwp-mini-image size-coolwp-mini-image wp-image-2220\" alt=\"\" srcset=\"https:\/\/wushu.ro\/wp-content\/uploads\/2015\/08\/vultur-argint-100x100.png 100w, https:\/\/wushu.ro\/wp-content\/uploads\/2015\/08\/vultur-argint-150x150.png 150w, https:\/\/wushu.ro\/wp-content\/uploads\/2015\/08\/vultur-argint.png 294w\" sizes=\"(max-width: 100px) 100vw, 100px\" \/>\t\t\t\t\t\t\t\t\t\t\t<figcaption class=\"widget-image-caption wp-caption-text\">centura galben\u0103<\/figcaption>\n\t\t\t\t\t\t\t\t\t\t<\/figure>\n\t\t\t\t\t\t\t\t\t<\/div>\n\t\t\t\t<\/div>\n\t\t\t\t<div class=\"elementor-element elementor-element-cda896c exad-sticky-section-no exad-glass-effect-no elementor-widget elementor-widget-image\" data-id=\"cda896c\" data-element_type=\"widget\" data-widget_type=\"image.default\">\n\t\t\t\t<div class=\"elementor-widget-container\">\n\t\t\t\t\t\t\t\t\t\t\t\t<figure class=\"wp-caption\">\n\t\t\t\t\t\t\t\t\t\t<img decoding=\"async\" width=\"100\" height=\"100\" src=\"https:\/\/wushu.ro\/wp-content\/uploads\/2015\/08\/vultur-aur-100x100.png\" class=\"attachment-coolwp-mini-image size-coolwp-mini-image wp-image-2221\" alt=\"\" srcset=\"https:\/\/wushu.ro\/wp-content\/uploads\/2015\/08\/vultur-aur-100x100.png 100w, https:\/\/wushu.ro\/wp-content\/uploads\/2015\/08\/vultur-aur-150x150.png 150w, https:\/\/wushu.ro\/wp-content\/uploads\/2015\/08\/vultur-aur.png 294w\" sizes=\"(max-width: 100px) 100vw, 100px\" \/>\t\t\t\t\t\t\t\t\t\t\t<figcaption class=\"widget-image-caption wp-caption-text\">centura portocalie<\/figcaption>\n\t\t\t\t\t\t\t\t\t\t<\/figure>\n\t\t\t\t\t\t\t\t\t<\/div>\n\t\t\t\t<\/div>\n\t\t\t\t\t<\/div>\n\t\t<\/div>\n\t\t\t\t<div class=\"elementor-column elementor-col-33 elementor-top-column elementor-element elementor-element-913cf6a exad-glass-effect-no exad-sticky-section-no\" data-id=\"913cf6a\" data-element_type=\"column\">\n\t\t\t<div class=\"elementor-widget-wrap elementor-element-populated\">\n\t\t\t\t\t\t<div class=\"elementor-element elementor-element-0a8bbf9 exad-sticky-section-no exad-glass-effect-no elementor-widget elementor-widget-heading\" data-id=\"0a8bbf9\" data-element_type=\"widget\" data-widget_type=\"heading.default\">\n\t\t\t\t<div class=\"elementor-widget-container\">\n\t\t\t\t\t<h5 class=\"elementor-heading-title elementor-size-default\">Nivelul intermediar<\/h5>\t\t\t\t<\/div>\n\t\t\t\t<\/div>\n\t\t\t\t<div class=\"elementor-element elementor-element-74fbb7c exad-sticky-section-no exad-glass-effect-no elementor-widget elementor-widget-image\" data-id=\"74fbb7c\" data-element_type=\"widget\" data-widget_type=\"image.default\">\n\t\t\t\t<div class=\"elementor-widget-container\">\n\t\t\t\t\t\t\t\t\t\t\t\t<figure class=\"wp-caption\">\n\t\t\t\t\t\t\t\t\t\t<img loading=\"lazy\" decoding=\"async\" width=\"100\" height=\"100\" src=\"https:\/\/wushu.ro\/wp-content\/uploads\/2015\/08\/tigru-bronz-100x100.png\" class=\"attachment-coolwp-mini-image size-coolwp-mini-image wp-image-2219\" alt=\"\" srcset=\"https:\/\/wushu.ro\/wp-content\/uploads\/2015\/08\/tigru-bronz-100x100.png 100w, https:\/\/wushu.ro\/wp-content\/uploads\/2015\/08\/tigru-bronz-150x150.png 150w, https:\/\/wushu.ro\/wp-content\/uploads\/2015\/08\/tigru-bronz.png 294w\" sizes=\"(max-width: 100px) 100vw, 100px\" \/>\t\t\t\t\t\t\t\t\t\t\t<figcaption class=\"widget-image-caption wp-caption-text\">centura ro\u0219ie<\/figcaption>\n\t\t\t\t\t\t\t\t\t\t<\/figure>\n\t\t\t\t\t\t\t\t\t<\/div>\n\t\t\t\t<\/div>\n\t\t\t\t<div class=\"elementor-element elementor-element-be1cdc6 exad-sticky-section-no exad-glass-effect-no elementor-widget elementor-widget-image\" data-id=\"be1cdc6\" data-element_type=\"widget\" data-widget_type=\"image.default\">\n\t\t\t\t<div class=\"elementor-widget-container\">\n\t\t\t\t\t\t\t\t\t\t\t\t<figure class=\"wp-caption\">\n\t\t\t\t\t\t\t\t\t\t<img loading=\"lazy\" decoding=\"async\" width=\"100\" height=\"100\" src=\"https:\/\/wushu.ro\/wp-content\/uploads\/2015\/08\/tigru-argint-100x100.png\" class=\"attachment-coolwp-mini-image size-coolwp-mini-image wp-image-2217\" alt=\"\" srcset=\"https:\/\/wushu.ro\/wp-content\/uploads\/2015\/08\/tigru-argint-100x100.png 100w, https:\/\/wushu.ro\/wp-content\/uploads\/2015\/08\/tigru-argint-150x150.png 150w, https:\/\/wushu.ro\/wp-content\/uploads\/2015\/08\/tigru-argint.png 293w\" sizes=\"(max-width: 100px) 100vw, 100px\" \/>\t\t\t\t\t\t\t\t\t\t\t<figcaption class=\"widget-image-caption wp-caption-text\">centura verde<\/figcaption>\n\t\t\t\t\t\t\t\t\t\t<\/figure>\n\t\t\t\t\t\t\t\t\t<\/div>\n\t\t\t\t<\/div>\n\t\t\t\t<div class=\"elementor-element elementor-element-a9fd081 exad-sticky-section-no exad-glass-effect-no elementor-widget elementor-widget-image\" data-id=\"a9fd081\" data-element_type=\"widget\" data-widget_type=\"image.default\">\n\t\t\t\t<div class=\"elementor-widget-container\">\n\t\t\t\t\t\t\t\t\t\t\t\t<figure class=\"wp-caption\">\n\t\t\t\t\t\t\t\t\t\t<img loading=\"lazy\" decoding=\"async\" width=\"100\" height=\"100\" src=\"https:\/\/wushu.ro\/wp-content\/uploads\/2015\/08\/tigru-aur-100x100.png\" class=\"attachment-coolwp-mini-image size-coolwp-mini-image wp-image-2218\" alt=\"\" srcset=\"https:\/\/wushu.ro\/wp-content\/uploads\/2015\/08\/tigru-aur-100x100.png 100w, https:\/\/wushu.ro\/wp-content\/uploads\/2015\/08\/tigru-aur-150x150.png 150w, https:\/\/wushu.ro\/wp-content\/uploads\/2015\/08\/tigru-aur.png 294w\" sizes=\"(max-width: 100px) 100vw, 100px\" \/>\t\t\t\t\t\t\t\t\t\t\t<figcaption class=\"widget-image-caption wp-caption-text\">centura albastr\u0103<\/figcaption>\n\t\t\t\t\t\t\t\t\t\t<\/figure>\n\t\t\t\t\t\t\t\t\t<\/div>\n\t\t\t\t<\/div>\n\t\t\t\t\t<\/div>\n\t\t<\/div>\n\t\t\t\t<div class=\"elementor-column elementor-col-33 elementor-top-column elementor-element elementor-element-e4455b5 exad-glass-effect-no exad-sticky-section-no\" data-id=\"e4455b5\" data-element_type=\"column\">\n\t\t\t<div class=\"elementor-widget-wrap elementor-element-populated\">\n\t\t\t\t\t\t<div class=\"elementor-element elementor-element-07a6298 exad-sticky-section-no exad-glass-effect-no elementor-widget elementor-widget-heading\" data-id=\"07a6298\" data-element_type=\"widget\" data-widget_type=\"heading.default\">\n\t\t\t\t<div class=\"elementor-widget-container\">\n\t\t\t\t\t<h5 class=\"elementor-heading-title elementor-size-default\">Nivelul avansat<\/h5>\t\t\t\t<\/div>\n\t\t\t\t<\/div>\n\t\t\t\t<div class=\"elementor-element elementor-element-4289d56 exad-sticky-section-no exad-glass-effect-no elementor-widget elementor-widget-image\" data-id=\"4289d56\" data-element_type=\"widget\" data-widget_type=\"image.default\">\n\t\t\t\t<div class=\"elementor-widget-container\">\n\t\t\t\t\t\t\t\t\t\t\t\t<figure class=\"wp-caption\">\n\t\t\t\t\t\t\t\t\t\t<img loading=\"lazy\" decoding=\"async\" width=\"100\" height=\"100\" src=\"https:\/\/wushu.ro\/wp-content\/uploads\/2015\/08\/dragon-bronz-100x100.png\" class=\"attachment-coolwp-mini-image size-coolwp-mini-image wp-image-2216\" alt=\"\" srcset=\"https:\/\/wushu.ro\/wp-content\/uploads\/2015\/08\/dragon-bronz-100x100.png 100w, https:\/\/wushu.ro\/wp-content\/uploads\/2015\/08\/dragon-bronz-150x150.png 150w, https:\/\/wushu.ro\/wp-content\/uploads\/2015\/08\/dragon-bronz.png 294w\" sizes=\"(max-width: 100px) 100vw, 100px\" \/>\t\t\t\t\t\t\t\t\t\t\t<figcaption class=\"widget-image-caption wp-caption-text\">centura mov<\/figcaption>\n\t\t\t\t\t\t\t\t\t\t<\/figure>\n\t\t\t\t\t\t\t\t\t<\/div>\n\t\t\t\t<\/div>\n\t\t\t\t<div class=\"elementor-element elementor-element-950919e exad-sticky-section-no exad-glass-effect-no elementor-widget elementor-widget-image\" data-id=\"950919e\" data-element_type=\"widget\" data-widget_type=\"image.default\">\n\t\t\t\t<div class=\"elementor-widget-container\">\n\t\t\t\t\t\t\t\t\t\t\t\t<figure class=\"wp-caption\">\n\t\t\t\t\t\t\t\t\t\t<img loading=\"lazy\" decoding=\"async\" width=\"100\" height=\"100\" src=\"https:\/\/wushu.ro\/wp-content\/uploads\/2015\/08\/dragon-argint-100x100.png\" class=\"attachment-coolwp-mini-image size-coolwp-mini-image wp-image-2214\" alt=\"\" srcset=\"https:\/\/wushu.ro\/wp-content\/uploads\/2015\/08\/dragon-argint-100x100.png 100w, https:\/\/wushu.ro\/wp-content\/uploads\/2015\/08\/dragon-argint-150x150.png 150w, https:\/\/wushu.ro\/wp-content\/uploads\/2015\/08\/dragon-argint.png 294w\" sizes=\"(max-width: 100px) 100vw, 100px\" \/>\t\t\t\t\t\t\t\t\t\t\t<figcaption class=\"widget-image-caption wp-caption-text\">centura maro<\/figcaption>\n\t\t\t\t\t\t\t\t\t\t<\/figure>\n\t\t\t\t\t\t\t\t\t<\/div>\n\t\t\t\t<\/div>\n\t\t\t\t<div class=\"elementor-element elementor-element-1848879 exad-sticky-section-no exad-glass-effect-no elementor-widget elementor-widget-image\" data-id=\"1848879\" data-element_type=\"widget\" data-widget_type=\"image.default\">\n\t\t\t\t<div class=\"elementor-widget-container\">\n\t\t\t\t\t\t\t\t\t\t\t\t<figure class=\"wp-caption\">\n\t\t\t\t\t\t\t\t\t\t<img loading=\"lazy\" decoding=\"async\" width=\"100\" height=\"100\" src=\"https:\/\/wushu.ro\/wp-content\/uploads\/2015\/08\/dragon-aur-100x100.png\" class=\"attachment-coolwp-mini-image size-coolwp-mini-image wp-image-2215\" alt=\"\" srcset=\"https:\/\/wushu.ro\/wp-content\/uploads\/2015\/08\/dragon-aur-100x100.png 100w, https:\/\/wushu.ro\/wp-content\/uploads\/2015\/08\/dragon-aur-150x150.png 150w, https:\/\/wushu.ro\/wp-content\/uploads\/2015\/08\/dragon-aur.png 294w\" sizes=\"(max-width: 100px) 100vw, 100px\" \/>\t\t\t\t\t\t\t\t\t\t\t<figcaption class=\"widget-image-caption wp-caption-text\">centura neagra<\/figcaption>\n\t\t\t\t\t\t\t\t\t\t<\/figure>\n\t\t\t\t\t\t\t\t\t<\/div>\n\t\t\t\t<\/div>\n\t\t\t\t\t<\/div>\n\t\t<\/div>\n\t\t\t\t\t<\/div>\n\t\t<\/section>\n\t\t\t\t<section class=\"elementor-section elementor-top-section elementor-element elementor-element-6cd37b2 elementor-section-boxed elementor-section-height-default elementor-section-height-default exad-glass-effect-no exad-sticky-section-no\" data-id=\"6cd37b2\" data-element_type=\"section\">\n\t\t\t\t\t\t<div class=\"elementor-container elementor-column-gap-default\">\n\t\t\t\t\t<div class=\"elementor-column elementor-col-100 elementor-top-column elementor-element elementor-element-ebac1b5 exad-glass-effect-no exad-sticky-section-no\" data-id=\"ebac1b5\" data-element_type=\"column\">\n\t\t\t<div class=\"elementor-widget-wrap elementor-element-populated\">\n\t\t\t\t\t\t<div class=\"elementor-element elementor-element-b1e5a15 exad-sticky-section-no exad-glass-effect-no elementor-widget elementor-widget-text-editor\" data-id=\"b1e5a15\" data-element_type=\"widget\" data-widget_type=\"text-editor.default\">\n\t\t\t\t<div class=\"elementor-widget-container\">\n\t\t\t\t\t\t\t\t\t<p><strong>Programa de examinare<\/strong><\/p><ul style=\"text-align: justify;\"><li><span style=\"text-decoration: underline; color: #d1cdcd; font-size: 10pt;\"><span style=\"font-family: poppins;\"><a style=\"color: #d1cdcd; text-decoration: underline;\" href=\"https:\/\/wushu.ro\/?page_id=307\">Changquan<\/a><\/span><\/span><\/li><li><span style=\"text-decoration: underline; color: #d1cdcd; font-size: 10pt;\"><span style=\"font-family: poppins;\"><a style=\"color: #d1cdcd; text-decoration: underline;\" href=\"https:\/\/wushu.ro\/?page_id=310\">Nanquan<\/a><\/span><\/span><\/li><li><span style=\"text-decoration: underline; color: #d1cdcd; font-size: 10pt;\"><span style=\"font-family: poppins;\"><a style=\"color: #d1cdcd; text-decoration: underline;\" href=\"https:\/\/wushu.ro\/?page_id=312\">Taijiquan<\/a><\/span><\/span><\/li><li><span style=\"text-decoration: underline; color: #d1cdcd; font-size: 10pt;\"><span style=\"font-family: poppins;\"><a style=\"color: #d1cdcd; text-decoration: underline;\" href=\"https:\/\/wushu.ro\/?page_id=359\">Sanda<\/a><\/span><\/span><\/li><li><span style=\"text-decoration: underline; color: #d1cdcd; font-size: 10pt;\"><span style=\"font-family: poppins;\"><a style=\"color: #d1cdcd; text-decoration: underline;\" href=\"https:\/\/wushu.ro\/?page_id=314\">Qigong<\/a><\/span><\/span><\/li><li><span style=\"text-decoration: underline; color: #d1cdcd; font-size: 10pt;\"><span style=\"font-family: poppins;\"><a style=\"color: #d1cdcd; text-decoration: underline;\" href=\"https:\/\/wushu.ro\/?page_id=317\">Grade superioare<\/a><\/span><\/span><\/li><li><span style=\"text-decoration: underline; color: #d1cdcd; font-size: 10pt;\"><span style=\"font-family: poppins;\"><a style=\"color: #d1cdcd; text-decoration: underline;\" href=\"https:\/\/wushu.ro\/wp-content\/uploads\/2018\/12\/Cerere-examinare-Duan.pdf\" target=\"_blank\" rel=\"noopener noreferrer\">Cerere examinare grade\u00a0superioare<\/a><\/span><\/span><\/li><\/ul>\t\t\t\t\t\t\t\t<\/div>\n\t\t\t\t<\/div>\n\t\t\t\t\t<\/div>\n\t\t<\/div>\n\t\t\t\t\t<\/div>\n\t\t<\/section>\n\t\t\t\t<\/div>\n\t\t","protected":false},"excerpt":{"rendered":"<p>Grade inferioare \u0219i superioare \u00een Wushu Kungfu Sistemul de grade din Wushu Kungfu contribuie la ridicarea nivelului tehnic al practican\u021bilor, fie ace\u0219tia sportivi de perfoman\u021b\u0103, instructori, antrenori, arbitri sau iubitori<\/p>\n<p><span class=\"more-link\"><a href=\"https:\/\/wushu.ro\/?page_id=301\" class=\"readmore\">Mai mult<span class=\"screen-reader-text\">Duan Wushu<\/span><\/a><\/span><\/p>\n","protected":false},"author":1,"featured_media":0,"parent":0,"menu_order":3,"comment_status":"closed","ping_status":"closed","template":"","meta":{"_monsterinsights_skip_tracking":false,"_monsterinsights_sitenote_active":false,"_monsterinsights_sitenote_note":"","_monsterinsights_sitenote_category":0,"ngg_post_thumbnail":0,"footnotes":""},"class_list":["post-301","page","type-page","status-publish","hentry"],"jetpack_sharing_enabled":true,"_links":{"self":[{"href":"https:\/\/wushu.ro\/index.php?rest_route=\/wp\/v2\/pages\/301","targetHints":{"allow":["GET"]}}],"collection":[{"href":"https:\/\/wushu.ro\/index.php?rest_route=\/wp\/v2\/pages"}],"about":[{"href":"https:\/\/wushu.ro\/index.php?rest_route=\/wp\/v2\/types\/page"}],"author":[{"embeddable":true,"href":"https:\/\/wushu.ro\/index.php?rest_route=\/wp\/v2\/users\/1"}],"replies":[{"embeddable":true,"href":"https:\/\/wushu.ro\/index.php?rest_route=%2Fwp%2Fv2%2Fcomments&post=301"}],"version-history":[{"count":37,"href":"https:\/\/wushu.ro\/index.php?rest_route=\/wp\/v2\/pages\/301\/revisions"}],"predecessor-version":[{"id":57135,"href":"https:\/\/wushu.ro\/index.php?rest_route=\/wp\/v2\/pages\/301\/revisions\/57135"}],"wp:attachment":[{"href":"https:\/\/wushu.ro\/index.php?rest_route=%2Fwp%2Fv2%2Fmedia&parent=301"}],"curies":[{"name":"wp","href":"https:\/\/api.w.org\/{rel}","templated":true}]}}