
{"id":317,"date":"2009-03-22T15:36:35","date_gmt":"2009-03-22T13:36:35","guid":{"rendered":"http:\/\/wushu.ro\/?page_id=317"},"modified":"2021-08-25T11:15:03","modified_gmt":"2021-08-25T09:15:03","slug":"grade-superioare","status":"publish","type":"page","link":"https:\/\/wushu.ro\/?page_id=317","title":{"rendered":"Grade superioare"},"content":{"rendered":"\t\t<div data-elementor-type=\"wp-page\" data-elementor-id=\"317\" class=\"elementor elementor-317\">\n\t\t\t\t\t\t<section class=\"elementor-section elementor-top-section elementor-element elementor-element-648e7dd7 elementor-section-boxed elementor-section-height-default elementor-section-height-default exad-glass-effect-no exad-sticky-section-no\" data-id=\"648e7dd7\" data-element_type=\"section\">\n\t\t\t\t\t\t<div class=\"elementor-container elementor-column-gap-default\">\n\t\t\t\t\t<div class=\"elementor-column elementor-col-100 elementor-top-column elementor-element elementor-element-3dbca1bd exad-glass-effect-no exad-sticky-section-no\" data-id=\"3dbca1bd\" data-element_type=\"column\">\n\t\t\t<div class=\"elementor-widget-wrap elementor-element-populated\">\n\t\t\t\t\t\t<div class=\"elementor-element elementor-element-72706fde exad-sticky-section-no exad-glass-effect-no elementor-widget elementor-widget-text-editor\" data-id=\"72706fde\" data-element_type=\"widget\" data-widget_type=\"text-editor.default\">\n\t\t\t\t<div class=\"elementor-widget-container\">\n\t\t\t\t\t\t\t\t\t<p class=\"MsoNormal\" style=\"margin: 0cm 0cm 0pt; text-align: center;\" align=\"center\"><span style=\"font-size: 10pt; font-family: poppins; color: #d1cfcf;\"><strong style=\"mso-bidi-font-weight: normal;\">ACORDAREA GRADELOR SUPERIOARE \u201eDUAN\u201d<\/strong><\/span><\/p><p class=\"MsoNormal\" style=\"margin: 0cm 0cm 0pt; text-align: justify;\"><span style=\"font-size: 10pt; font-family: arial, helvetica, sans-serif; color: #d1cfcf;\">\u00a0<\/span><\/p><p style=\"text-align: justify;\"><span style=\"font-size: 10pt; font-family: poppins; color: #d1cfcf;\">Gradele superioare \u201eduan\u201d pot fi acordate doar practican\u021bilor de Wushu Kungfu care au \u00eemplinit 18 ani.\u00a0<\/span><span style=\"font-size: 10pt; font-family: poppins; color: #d1cfcf;\">Acordarea \u201eduan\u201d se face de c\u0103tre Comisia de Acordare \u0219i Omologare Grade, \u00een baza unei <span style=\"text-decoration: underline;\"><a href=\"https:\/\/wushu.ro\/wp-content\/uploads\/2018\/12\/Cerere-examinare-Duan.pdf\">cereri<\/a><\/span>, care cuprinde toate informa\u021biile aplicantului, inclusiv rezultatele ca sportiv sau antrenor, precum \u0219i contribu\u021bia acestuia la dezvoltarea Wushu Kungfu pe plan intern \u0219i\/sau interna\u021bional.<\/span><\/p><p style=\"text-align: justify;\"><strong><span style=\"color: #ffffff; font-size: 12pt;\">Program\u0103 \u0219i cerin\u021be\u00a0<\/span><\/strong><\/p><p style=\"text-align: justify;\"><span style=\"font-size: 12pt; color: #dbd7d7;\"><strong>I duan\u00a0<\/strong><\/span><\/p><ul style=\"text-align: justify;\"><li><span style=\"font-size: 10pt; color: #dbd7d7;\">toate tehnicile anterioare (de la gradele inferioare)<\/span><\/li><li><span style=\"font-size: 10pt; color: #dbd7d7;\">minim 4 ani de practic\u0103 a Wushu Kungfu, prin participarea la activit\u0103\u021bile oficiale (competi\u021bii, stagii, cursuri de preg\u0103tire etc.), precum \u0219i gradul de implicare \u00een activit\u0103\u021bile oficiale FRWK<\/span><\/li><li><span style=\"color: #dbd7d7; font-size: 10pt;\">lucrare scris\u0103 despre orice subiect de interes din Wushu Kungfu, care s\u0103 demonstreze cunoa\u0219terea principiilor de baz\u0103<\/span><\/li><li><span style=\"color: #dbd7d7; font-size: 10pt;\">examen practic \u2192 nivelul de \u00eendem\u00e2nare dob\u00e2ndit \u00een tehnica de lupt\u0103 cu m\u00e2inile goale \u0219i\/sau cu arme<\/span><\/li><li><span style=\"color: #dbd7d7; font-size: 10pt;\">comportament etic \u0219i moral.<\/span><\/li><\/ul><p style=\"text-align: justify;\"><span style=\"font-size: 12pt; color: #dbd7d7;\"><strong>II duan\u00a0<\/strong><\/span><\/p><ul style=\"text-align: justify;\"><li><span style=\"font-size: 10pt; color: #dbd7d7;\">toate tehnicile anterioare\u00a0<\/span><\/li><li><span style=\"font-size: 10pt; color: #dbd7d7;\">minim 7 ani de practic\u0103 a Wushu Kungfu, prin participarea la activit\u0103\u021bile oficiale (competi\u021bii, stagii, cursuri de preg\u0103tire etc.), precum \u0219i gradul de implicare \u00een activit\u0103\u021bile oficiale FRWK<\/span><\/li><li><span style=\"color: #dbd7d7; font-size: 10pt;\">lucrare scris\u0103 despre orice subiect de interes din Wushu Kungfu, care s\u0103 demonstreze cunoa\u0219terea principiilor de baz\u0103<\/span><\/li><li><span style=\"color: #dbd7d7; font-size: 10pt;\">examen practic \u2192 nivelul de \u00eendem\u00e2nare dob\u00e2ndit \u00een tehnica de lupt\u0103 cu m\u00e2inile goale \u0219i\/sau cu arme<\/span><\/li><li><span style=\"color: #dbd7d7; font-size: 10pt;\">rezultate competi\u021bionale (personale sau ale elevilor).<\/span><\/li><\/ul><p style=\"text-align: justify;\"><span style=\"font-size: 12pt; color: #dbd7d7;\"><strong>III duan\u00a0<\/strong><\/span><\/p><ul style=\"text-align: justify;\"><li><span style=\"font-size: 10pt; color: #dbd7d7;\">toate tehnicile anterioare\u00a0<\/span><\/li><li><span style=\"font-size: 10pt; color: #dbd7d7;\">minim 10 ani de practic\u0103 ne\u00eentrerupt\u0103 a Wushu Kungfu, prin participarea la activit\u0103\u021bile oficiale (competi\u021bii, stagii, cursuri de preg\u0103tire etc.), precum \u0219i gradul de implicare \u00een activit\u0103\u021bile oficiale FRWK<\/span><\/li><li><span style=\"color: #dbd7d7; font-size: 10pt;\">lucrare scris\u0103 despre orice subiect de interes din Wushu Kungfu, care s\u0103 demonstreze cunoa\u0219terea principiilor de baz\u0103<\/span><\/li><li><span style=\"color: #dbd7d7; font-size: 10pt;\">examen practic \u2192 nivelul de \u00eendem\u00e2nare dob\u00e2ndit \u00een tehnica de lupt\u0103 cu m\u00e2inile goale \u0219i\/sau cu arme<\/span><\/li><li><span style=\"color: #dbd7d7; font-size: 10pt;\">rezultate competi\u021bionale (personale sau ale elevilor).<\/span><\/li><\/ul><p style=\"text-align: justify;\"><span style=\"font-size: 12pt; color: #dbd7d7;\"><strong>IV duan\u00a0<\/strong><\/span><\/p><ul style=\"text-align: justify;\"><li><span style=\"font-size: 10pt; color: #dbd7d7;\">toate tehnicile anterioare\u00a0<\/span><\/li><li><span style=\"font-size: 10pt; color: #dbd7d7;\">minim 12 ani de practic\u0103 ne\u00eentrerupt\u0103 a Wushu Kungfu, prin participarea la activit\u0103\u021bile oficiale (competi\u021bii, stagii, cursuri de preg\u0103tire etc.), precum \u0219i gradul de implicare \u00een activit\u0103\u021bile oficiale FRWK<\/span><\/li><li><span style=\"font-size: 10pt; color: #dbd7d7;\">participarea la competi\u021bii na\u021bionale\/interna\u021bionale oficiale<\/span><\/li><li><span style=\"color: #dbd7d7; font-size: 10pt;\">lucrare scris\u0103 despre orice subiect de interes din Wushu Kungfu, care s\u0103 demonstreze cunoa\u0219terea principiilor de baz\u0103<\/span><\/li><li><span style=\"color: #dbd7d7; font-size: 10pt;\">examen practic \u2192 nivelul de \u00eendem\u00e2nare dob\u00e2ndit \u00een tehnica de lupt\u0103 cu m\u00e2inile goale \u0219i\/sau cu arme<\/span><\/li><li style=\"text-align: justify;\"><span style=\"color: #dbd7d7; font-size: 10pt;\">cuno\u0219tin\u021be teoretice (regulamente, istorie \u0219i dezvoltarea Wushu Kungfu \u00een Rom\u00e2nia)\u00a0<\/span><\/li><li><span style=\"color: #dbd7d7; font-size: 10pt;\">rezultate competi\u021bionale (personale sau ale elevilor).<\/span><\/li><\/ul><p style=\"text-align: justify;\"><span style=\"font-size: 12pt; color: #dbd7d7;\"><strong>V duan\u00a0<\/strong><\/span><\/p><ul style=\"text-align: justify;\"><li><span style=\"font-size: 10pt; color: #dbd7d7;\">toate tehnicile anterioare\u00a0<\/span><\/li><li><span style=\"font-size: 10pt; color: #dbd7d7;\">minim 15 ani de practic\u0103 ne\u00eentrerupt\u0103 a Wushu Kungfu, prin participarea la activit\u0103\u021bile oficiale (competi\u021bii, stagii, cursuri de preg\u0103tire etc.), precum \u0219i gradul de implicare \u00een activit\u0103\u021bile oficiale FRWK<\/span><\/li><li><span style=\"font-size: 10pt; color: #dbd7d7;\">participarea la competi\u021bii na\u021bionale\/interna\u021bionale oficiale<\/span><\/li><li><span style=\"color: #dbd7d7; font-size: 10pt;\">lucrare scris\u0103 despre orice subiect de interes din Wushu Kungfu, care s\u0103 demonstreze cunoa\u0219terea principiilor de baz\u0103<\/span><\/li><li><span style=\"color: #dbd7d7; font-size: 10pt;\">examen practic \u2192 nivelul de \u00eendem\u00e2nare dob\u00e2ndit \u00een tehnica de lupt\u0103 cu m\u00e2inile goale \u0219i\/sau cu arme<\/span><\/li><li style=\"text-align: justify;\"><span style=\"color: #dbd7d7; font-size: 10pt;\">cuno\u0219tin\u021be teoretice (regulamente, istorie \u0219i dezvoltarea Wushu Kungfu \u00een Rom\u00e2nia)\u00a0<\/span><\/li><li><span style=\"color: #dbd7d7; font-size: 10pt;\">rezultate competi\u021bionale (personale sau ale elevilor).<\/span><\/li><\/ul><p style=\"text-align: justify;\"><span style=\"font-size: 12pt; color: #dbd7d7;\"><strong>VI duan\u00a0<\/strong><\/span><\/p><ul style=\"text-align: justify;\"><li><span style=\"font-size: 10pt; color: #dbd7d7;\">toate tehnicile anterioare\u00a0<\/span><\/li><li><span style=\"font-size: 10pt; color: #dbd7d7;\">minim 20 ani de practic\u0103 ne\u00eentrerupt\u0103 a Wushu Kungfu, prin participarea la activit\u0103\u021bile oficiale (competi\u021bii, stagii, cursuri de preg\u0103tire etc.), precum \u0219i gradul de implicare \u00een activit\u0103\u021bile oficiale FRWK<\/span><\/li><li><span style=\"font-size: 10pt; color: #dbd7d7;\">participarea la competi\u021bii na\u021bionale\/interna\u021bionale oficiale<\/span><\/li><li><span style=\"color: #dbd7d7; font-size: 10pt;\">lucrare scris\u0103 despre orice subiect de interes din Wushu Kungfu, care s\u0103 demonstreze cunoa\u0219terea principiilor de baz\u0103<\/span><\/li><li><span style=\"color: #dbd7d7; font-size: 10pt;\">examen practic \u2192 nivelul de \u00eendem\u00e2nare dob\u00e2ndit \u00een tehnica de lupt\u0103 cu m\u00e2inile goale \u0219i\/sau cu arme<\/span><\/li><li style=\"text-align: justify;\"><span style=\"color: #dbd7d7; font-size: 10pt;\">cuno\u0219tin\u021be teoretice (regulamente, istorie \u0219i dezvoltarea Wushu Kungfu \u00een Rom\u00e2nia)\u00a0<\/span><\/li><li><span style=\"color: #dbd7d7; font-size: 10pt;\">rezultate competi\u021bionale (personale sau ale elevilor).<\/span><\/li><\/ul><p style=\"text-align: justify;\"><span style=\"font-size: 12pt; color: #dbd7d7;\"><strong>VII duan\u00a0<\/strong><\/span><\/p><ul style=\"text-align: justify;\"><li><span style=\"font-size: 10pt; color: #dbd7d7;\">toate cerin\u021bele anterioare<\/span><\/li><li><span style=\"color: #dbd7d7; font-size: 10pt;\">minim 22 ani de practic\u0103 ne\u00eentrerupt\u0103 a Wushu Kungfu, prin participarea la activit\u0103\u021bile oficiale (competi\u021bii, stagii, cursuri de preg\u0103tire etc.), precum \u0219i gradul de implicare \u00een activit\u0103\u021bile oficiale FRWK<\/span><\/li><li><span style=\"color: #dbd7d7; font-size: 10pt;\">implicarea \u00een predarea Wushu Kungfu pe plan na\u021bional \u0219i interna\u021bional (oficial)<\/span><\/li><li><span style=\"color: #dbd7d7; font-size: 10pt;\">contribu\u021bie la sus\u021binerea \u0219i dezvoltarea Wushu Kungfu prin conducerea unor rezultate de excep\u021bie, elaborarea unor materiale de specialitate (traduceri, c\u0103r\u021bi, articole, cursuri multimedia etc.)<\/span><\/li><\/ul><p><strong style=\"color: #dbd7d7; font-size: 12pt;\">VIII duan\u00a0<\/strong><\/p><ul style=\"text-align: justify;\"><li><span style=\"font-size: 10pt; color: #dbd7d7;\">toate cerin\u021bele anterioare<\/span><\/li><li><span style=\"font-size: 10pt; color: #dbd7d7;\">minim 25 ani de practic\u0103 ne\u00eentrerupt\u0103 a Wushu Kungfu, prin participarea la activit\u0103\u021bile oficiale (competi\u021bii, stagii, cursuri de preg\u0103tire etc.), precum \u0219i gradul de implicare \u00een activit\u0103\u021bile oficiale FRWK.<\/span><\/li><\/ul><p style=\"text-align: justify;\"><span style=\"font-size: 12pt; color: #dbd7d7;\"><strong>IX duan\u00a0<\/strong><\/span><\/p><ul style=\"text-align: justify;\"><li><span style=\"font-size: 10pt; color: #dbd7d7;\">toate cerin\u021bele anterioare<\/span><\/li><li><span style=\"font-size: 10pt; color: #dbd7d7;\">minim 30 ani de practic\u0103 ne\u00eentrerupt\u0103 a Wushu Kungfu, prin participarea la activit\u0103\u021bile oficiale (competi\u021bii, stagii, cursuri de preg\u0103tire etc.), precum \u0219i gradul de implicare \u00een activit\u0103\u021bile oficiale FRWK.<\/span><\/li><\/ul><p style=\"text-align: justify;\"><span style=\"color: #dbd7d7; font-size: 10pt;\"><span style=\"font-family: poppins;\">Comisia de Acordare \u0219i Omologare Grade <\/span>se poate \u00eentruni \u0219i dezbate posibilitatea acord\u0103rii unor grade superioare onorifice \u00een unele situa\u021bii deosebite sau de excep\u021bie.<\/span><\/p><p class=\"MsoNormal\" style=\"margin: 0cm 0cm 0pt; text-align: justify;\"><span style=\"font-size: 10pt; font-family: poppins; color: #dbd7d7;\">\u00a0<\/span><\/p><p class=\"MsoNormal\" style=\"margin: 0cm 0cm 0pt; text-align: justify;\"><span style=\"font-size: 10pt; font-family: poppins; color: #d1cfcf;\">\u00a0<\/span><\/p>\t\t\t\t\t\t\t\t<\/div>\n\t\t\t\t<\/div>\n\t\t\t\t\t<\/div>\n\t\t<\/div>\n\t\t\t\t\t<\/div>\n\t\t<\/section>\n\t\t\t\t<\/div>\n\t\t","protected":false},"excerpt":{"rendered":"<p>ACORDAREA GRADELOR SUPERIOARE \u201eDUAN\u201d \u00a0 Gradele superioare \u201eduan\u201d pot fi acordate doar practican\u021bilor de Wushu Kungfu care au \u00eemplinit 18 ani.\u00a0Acordarea \u201eduan\u201d se face de c\u0103tre Comisia de Acordare \u0219i<\/p>\n<p><span class=\"more-link\"><a href=\"https:\/\/wushu.ro\/?page_id=317\" class=\"readmore\">Mai mult<span class=\"screen-reader-text\">Grade superioare<\/span><\/a><\/span><\/p>\n","protected":false},"author":1,"featured_media":0,"parent":301,"menu_order":6,"comment_status":"closed","ping_status":"closed","template":"","meta":{"_monsterinsights_skip_tracking":false,"_monsterinsights_sitenote_active":false,"_monsterinsights_sitenote_note":"","_monsterinsights_sitenote_category":0,"ngg_post_thumbnail":0,"footnotes":""},"class_list":["post-317","page","type-page","status-publish","hentry"],"jetpack_sharing_enabled":true,"_links":{"self":[{"href":"https:\/\/wushu.ro\/index.php?rest_route=\/wp\/v2\/pages\/317","targetHints":{"allow":["GET"]}}],"collection":[{"href":"https:\/\/wushu.ro\/index.php?rest_route=\/wp\/v2\/pages"}],"about":[{"href":"https:\/\/wushu.ro\/index.php?rest_route=\/wp\/v2\/types\/page"}],"author":[{"embeddable":true,"href":"https:\/\/wushu.ro\/index.php?rest_route=\/wp\/v2\/users\/1"}],"replies":[{"embeddable":true,"href":"https:\/\/wushu.ro\/index.php?rest_route=%2Fwp%2Fv2%2Fcomments&post=317"}],"version-history":[{"count":0,"href":"https:\/\/wushu.ro\/index.php?rest_route=\/wp\/v2\/pages\/317\/revisions"}],"up":[{"embeddable":true,"href":"https:\/\/wushu.ro\/index.php?rest_route=\/wp\/v2\/pages\/301"}],"wp:attachment":[{"href":"https:\/\/wushu.ro\/index.php?rest_route=%2Fwp%2Fv2%2Fmedia&parent=317"}],"curies":[{"name":"wp","href":"https:\/\/api.w.org\/{rel}","templated":true}]}}