
{"id":3862,"date":"2022-08-23T19:36:40","date_gmt":"2022-08-23T17:36:40","guid":{"rendered":"https:\/\/wushu.ro\/?page_id=3862"},"modified":"2026-02-11T12:46:27","modified_gmt":"2026-02-11T10:46:27","slug":"adunari-generale-si-sedinte-de-comitet-director","status":"publish","type":"page","link":"https:\/\/wushu.ro\/?page_id=3862","title":{"rendered":"Adun\u0103ri Generale"},"content":{"rendered":"<p>Adunare General\u0103 Ordinar\u0103 7 martie 2026: <a href=\"https:\/\/wushu.ro\/wp-content\/uploads\/2026\/02\/CONVOCATOR-ADUNARE-GENERALA-ORDINARA-2026.pdf\" target=\"_blank\" rel=\"noopener\">convocator<\/a>, <a href=\"https:\/\/wushu.ro\/wp-content\/uploads\/2026\/02\/FRWK-Imputernicire-model-AG-2026.doc\" target=\"_blank\" rel=\"noopener\">model \u00eemputernicire<\/a><\/p>\n<p>Adunare General\u0103 Ordinar\u0103 29 martie 2025: <a href=\"https:\/\/wushu.ro\/wp-content\/uploads\/2025\/08\/CONVOCATOR-AGO-29.03.2025.pdf\" target=\"_blank\" rel=\"noopener\">convocator<\/a>, <a href=\"https:\/\/wushu.ro\/wp-content\/uploads\/2025\/12\/HOTARARE-AGO-29.03.2025_Redacted.pdf\" target=\"_blank\" rel=\"noopener\">hot\u0103r\u00e2re<\/a><\/p>\n<p>Adunare General\u0103 Ordinar\u0103 23 martie 2024: <a href=\"https:\/\/wushu.ro\/wp-content\/uploads\/2024\/02\/convocator-adunare-generala-ordinara-23.03.2024.pdf\" target=\"_blank\" rel=\"noopener\">convocator<\/a>, <a href=\"https:\/\/wushu.ro\/wp-content\/uploads\/2024\/02\/FRWK-Imputernicire-AGO-2024-model.pdf\" target=\"_blank\" rel=\"noopener\">model \u00eemputernicire<\/a><\/p>\n<p>Adunare General\u0103 Ordinar\u0103 11 martie 2023: <a href=\"https:\/\/wushu.ro\/wp-content\/uploads\/2023\/03\/FRWK-CONVOCATOR-ADUNARE-GENERALA-ORDINARA-11.03.2023_Redacted.pdf\" target=\"_blank\" rel=\"noopener\">convocator<\/a>, <a href=\"https:\/\/wushu.ro\/wp-content\/uploads\/2023\/03\/HOTARAREA-AG-11.03.2023.pdf\" target=\"_blank\" rel=\"noopener\">hot\u0103r\u00e2re<\/a><\/p>\n<p>Adunare General\u0103 Extraordinar\u0103 de Alegeri 8 octombrie 2022: <a href=\"https:\/\/wushu.ro\/wp-content\/uploads\/2023\/03\/Convocator-AG-Extraordinara-de-Alegeri-08.10.2022-pt-site.pdf\" target=\"_blank\" rel=\"noopener\">convocator<\/a>, <a href=\"https:\/\/wushu.ro\/wp-content\/uploads\/2023\/03\/Hotararea-Adunarii-Generale-Extraordinare-de-Alegeri-08.10.2022-pt-site.pdf\" target=\"_blank\" rel=\"noopener\">hot\u0103r\u00e2re<\/a><\/p>\n<p>Adunare General\u0103 Ordinar\u0103 de Alegeri 24 septembrie 2022: <a href=\"https:\/\/wushu.ro\/wp-content\/uploads\/2023\/03\/CONVOCATOR-ADUNARE-GENERALA-ORDINARA-DE-ALEGERI-24.09.2022_Redacted.pdf\">convocator<\/a>, <a href=\"https:\/\/wushu.ro\/wp-content\/uploads\/2023\/03\/FRWK-Hot-AG-24-09-22_Redacted.pdf\" target=\"_blank\" rel=\"noopener\">hot\u0103r\u00e2re<\/a><\/p>\n<p>Adunarea General\u0103 Ordinar\u0103 9 aprilie 2022: <a href=\"https:\/\/wushu.ro\/wp-content\/uploads\/2023\/02\/CONVOCATOR-AGO-FRWK-2022-scaled.jpg\">convocator<\/a><\/p>\n<p>Adunare General\u0103 Ordinar\u0103 27 martie 2021: <a href=\"https:\/\/wushu.ro\/wp-content\/uploads\/2023\/02\/CONVOCATOR-ADUNARE-GENERALA-FRWK-27.03.2021.pdf\" target=\"_blank\" rel=\"noopener\">convocator<\/a><\/p>\n<p>Adunare General\u0103 Ordinar\u0103 29 februarie 2020: <a href=\"https:\/\/wushu.ro\/wp-content\/uploads\/2023\/02\/CONVOCATOR-ADUNARE-GENERALA-FRWK-29.02.2020.pdf\" target=\"_blank\" rel=\"noopener\">convocator<\/a><\/p>\n<p>Adunare General\u0103 Ordinar\u0103 18 mai 2019: <a href=\"https:\/\/wushu.ro\/wp-content\/uploads\/2023\/02\/CONVOCATOR-ADUNARE-GENERALA-FRWK-2019.pdf\" target=\"_blank\" rel=\"noopener\">convocator<\/a><\/p>\n<p>&nbsp;<\/p>\n<p>&nbsp;<\/p>\n","protected":false},"excerpt":{"rendered":"<p>Adunare General\u0103 Ordinar\u0103 7 martie 2026: convocator, model \u00eemputernicire Adunare General\u0103 Ordinar\u0103 29 martie 2025: convocator, hot\u0103r\u00e2re Adunare General\u0103 Ordinar\u0103 23 martie 2024: convocator, model \u00eemputernicire Adunare General\u0103 Ordinar\u0103 11<\/p>\n<p><span class=\"more-link\"><a href=\"https:\/\/wushu.ro\/?page_id=3862\" class=\"readmore\">Mai mult<span class=\"screen-reader-text\">Adun\u0103ri Generale<\/span><\/a><\/span><\/p>\n","protected":false},"author":1,"featured_media":0,"parent":880,"menu_order":0,"comment_status":"closed","ping_status":"closed","template":"","meta":{"_monsterinsights_skip_tracking":false,"_monsterinsights_sitenote_active":false,"_monsterinsights_sitenote_note":"","_monsterinsights_sitenote_category":0,"ngg_post_thumbnail":0,"footnotes":""},"class_list":["post-3862","page","type-page","status-publish","hentry"],"jetpack_sharing_enabled":true,"_links":{"self":[{"href":"https:\/\/wushu.ro\/index.php?rest_route=\/wp\/v2\/pages\/3862","targetHints":{"allow":["GET"]}}],"collection":[{"href":"https:\/\/wushu.ro\/index.php?rest_route=\/wp\/v2\/pages"}],"about":[{"href":"https:\/\/wushu.ro\/index.php?rest_route=\/wp\/v2\/types\/page"}],"author":[{"embeddable":true,"href":"https:\/\/wushu.ro\/index.php?rest_route=\/wp\/v2\/users\/1"}],"replies":[{"embeddable":true,"href":"https:\/\/wushu.ro\/index.php?rest_route=%2Fwp%2Fv2%2Fcomments&post=3862"}],"version-history":[{"count":5,"href":"https:\/\/wushu.ro\/index.php?rest_route=\/wp\/v2\/pages\/3862\/revisions"}],"predecessor-version":[{"id":57423,"href":"https:\/\/wushu.ro\/index.php?rest_route=\/wp\/v2\/pages\/3862\/revisions\/57423"}],"up":[{"embeddable":true,"href":"https:\/\/wushu.ro\/index.php?rest_route=\/wp\/v2\/pages\/880"}],"wp:attachment":[{"href":"https:\/\/wushu.ro\/index.php?rest_route=%2Fwp%2Fv2%2Fmedia&parent=3862"}],"curies":[{"name":"wp","href":"https:\/\/api.w.org\/{rel}","templated":true}]}}