
{"id":45856,"date":"2023-03-14T15:17:22","date_gmt":"2023-03-14T13:17:22","guid":{"rendered":"https:\/\/wushu.ro\/?page_id=45856"},"modified":"2026-01-23T12:38:18","modified_gmt":"2026-01-23T10:38:18","slug":"utile","status":"publish","type":"page","link":"https:\/\/wushu.ro\/?page_id=45856","title":{"rendered":"Documente \u0219i regulamente"},"content":{"rendered":"<p><a style=\"color: #d1d1d1;\" href=\"https:\/\/wushu.ro\/wp-content\/uploads\/2025\/12\/Binder1.pdf\" target=\"_blank\" rel=\"noopener noreferrer\">Cotiza\u021bii 2026<\/a><\/p>\n<p><a href=\"https:\/\/wushu.ro\/wp-content\/uploads\/2026\/01\/FRWK-PROGRAM-DE-ACTIVITATI-2026-09.01.2026.pdf\" target=\"_blank\" rel=\"noopener\">Program activit\u0103\u021bi 2026<\/a><\/p>\n<p style=\"color: #d1d1d1;\"><strong>Regulamente<\/strong><\/p>\n<ul>\n<li><a style=\"color: #d1d1d1;\" href=\"https:\/\/wushu.ro\/wp-content\/uploads\/2023\/03\/FRWK-STATUT-08-10-22_Redacted-small.pdf\" target=\"_blank\" rel=\"noopener\">Statut FRWK<\/a>, <a style=\"color: #d1d1d1;\" href=\"https:\/\/wushu.ro\/wp-content\/uploads\/2023\/12\/11.03.2023-ACT-ADITIONAL-STATUT_Redacted.pdf\" target=\"_blank\" rel=\"noopener\">act adi\u021bional<\/a><\/li>\n<li><a style=\"color: #d1d1d1;\" href=\"https:\/\/wushu.ro\/wp-content\/uploads\/2022\/10\/ROF-FRWK-2019.pdf\" target=\"_blank\" rel=\"noopener\">Regulament de organizare \u0219i func\u021bionare FRWK<\/a><\/li>\n<li><a style=\"color: #d1d1d1;\" href=\"https:\/\/wushu.ro\/wp-content\/uploads\/2023\/02\/REGULAMENT-DE-TRANSFER-FRWK.pdf\" target=\"_blank\" rel=\"noopener\">Regulament de transfer<\/a><\/li>\n<li><a style=\"color: #d1d1d1;\" href=\"https:\/\/wushu.ro\/wp-content\/uploads\/2019\/02\/NORME-DE-CLASIFICARE-SPORTIVA-2019.pdf\" target=\"_blank\" rel=\"noopener\">Regulament de clasificare sportiv\u0103<\/a><\/li>\n<li><a style=\"color: #d1d1d1;\" href=\"https:\/\/wushu.ro\/wp-content\/uploads\/2022\/10\/REGULAMENT-COMISIE-DE-DISCIPLINA-SI-ETICA-SPORTIVA-20.12.2018.pdf\" target=\"_blank\" rel=\"noopener\">Regulament Comisia de Disciplin\u0103 \u0219i Etic\u0103 Sportiv\u0103<\/a><\/li>\n<li><a style=\"color: #d1d1d1;\" href=\"https:\/\/wushu.ro\/wp-content\/uploads\/2022\/10\/REGULAMENT-COMISIE-DE-APEL-20.12.2018.pdf\" target=\"_blank\" rel=\"noopener\">Regulament Comisia de Apel<\/a><\/li>\n<\/ul>\n<p style=\"color: #d1d1d1;\"><strong>Formulare<\/strong><\/p>\n<ul>\n<li><a style=\"color: #d1d1d1;\" href=\"https:\/\/wushu.ro\/wp-content\/uploads\/2025\/02\/DOCUMENTE-NECESARE-PENTRU-AFILIERE-LA-FR-WUSHU-KUNGFU.pdf\" target=\"_blank\" rel=\"noopener\">Afiliere structuri sportive &#8211; documente necesare<\/a><\/li>\n<li><a style=\"color: #d1d1d1;\" href=\"https:\/\/wushu.ro\/wp-content\/uploads\/2018\/12\/Cerere-afiliere-structura-sportiva-FRWK.pdf\" target=\"_blank\" rel=\"noopener\">Cerere afiliere structur\u0103 sportiv\u0103 FRWK<\/a><\/li>\n<li><a style=\"color: #d1d1d1;\" href=\"https:\/\/wushu.ro\/wp-content\/uploads\/2019\/02\/Formular-inregistrare-sportiv-FRWK.pdf\" target=\"_blank\" rel=\"noopener\">Formular \u00eenregistrare sportiv FRWK<\/a><\/li>\n<li><a style=\"color: #d1d1d1;\" href=\"https:\/\/wushu.ro\/wp-content\/uploads\/2019\/02\/Formular-inregistrare-antrenor-instructor-arbitru-FRWK.pdf\" target=\"_blank\" rel=\"noopener\">Formular \u00eenregistrare antrenor, instructor, arbitru FRWK<\/a><\/li>\n<li><a style=\"color: #d1d1d1;\" href=\"https:\/\/wushu.ro\/wp-content\/uploads\/2018\/12\/Cerere-inregistrare-transfer-sportiv-FRWK.pdf\" target=\"_blank\" rel=\"noopener\">Cerere \u00eenregistrare transfer sportiv FRWK<\/a><\/li>\n<li><a style=\"color: #d1d1d1;\" href=\"https:\/\/wushu.ro\/wp-content\/uploads\/2018\/12\/Cerere-examinare-Duan.pdf\" target=\"_blank\" rel=\"noopener\">Cerere examinare Duan<\/a><\/li>\n<li><a style=\"color: #d1d1d1;\" href=\"https:\/\/wushu.ro\/wp-content\/uploads\/2019\/02\/Cerere-clasificare-sportiva.pdf\" target=\"_blank\" rel=\"noopener\">Cerere de atribuire titlu sau clasificare sportiv\u0103<\/a><\/li>\n<li><a style=\"color: #d1d1d1;\" href=\"https:\/\/wushu.ro\/wp-content\/uploads\/2026\/01\/FRWK-GDPR-CONSIMTAMANT-STRUCTURI-SPORTIVE.pdf\" target=\"_blank\" rel=\"noopener\">Formular de informare \u0219i consim\u021b\u0103m\u00e2nt privind prelucrarea datelor cu caracter personal (structuri sportive)<\/a><\/li>\n<li><a style=\"color: #d1d1d1;\" href=\"https:\/\/wushu.ro\/wp-content\/uploads\/2026\/01\/FRWK-GDPR-CONSIMTAMANT-PERSOANE-FIZICE.pdf\" target=\"_blank\" rel=\"noopener\">Declara\u021bie de consim\u021b\u0103m\u00e2nt privind acordul pentru prelucrarea datelor cu caracter personal (persoane fizice)<\/a><\/li>\n<\/ul>\n<p style=\"color: #d1d1d1;\"><strong>Regulamente de competi\u021bie \u00een vigoare<\/strong><\/p>\n<ul>\n<li><a style=\"color: #d1d1d1;\" href=\"https:\/\/wushu.ro\/wp-content\/uploads\/2025\/02\/Regulament-International-Sanda-editia-2024.pdf\" target=\"_blank\" rel=\"noopener\">Regulamentul Interna\u021bional de Sanda<\/a> (edi\u021bia 2024)<\/li>\n<li><a style=\"color: #d1d1d1;\" href=\"https:\/\/wushu.ro\/wp-content\/uploads\/2025\/02\/Regulament-International-Taolu-editia-2024.pdf\" target=\"_blank\" rel=\"noopener\">Regulamentul Interna\u021bional de Taolu<\/a> (edi\u021bia 2024)<\/li>\n<li><a style=\"color: #d1d1d1;\" href=\"https:\/\/wushu.ro\/wp-content\/uploads\/2024\/01\/Regulament-International-Taolu-traditional-editia-2019.pdf\" target=\"_blank\" rel=\"noopener\">Regulamentul Interna\u021bional de Taolu tradi\u021bional<\/a> (edi\u021bia 2019)<\/li>\n<li><a style=\"color: #d1d1d1;\" href=\"https:\/\/wushu.ro\/wp-content\/uploads\/2025\/03\/Regulament-European-Light-Sanda-2024.pdf\" target=\"_blank\" rel=\"noopener\">Regulamentul European de Light Sanda<\/a> (edi\u021bia 2024)&nbsp;<\/li>\n<\/ul>\n<p style=\"color: #d1d1d1;\"><strong>Legisla\u021bie<\/strong><\/p>\n<ul>\n<li>Ordin 737\/2025: <a style=\"color: #d1d1d1;\" href=\"https:\/\/wushu.ro\/wp-content\/uploads\/2026\/01\/Ordin-737-din-2025-Proceduri-si-control-CIM-si-CAS.pdf\">Procedura \u015fi m\u0103surile de control privind obligativitatea structurilor sportive de a \u00eencheia un contract individual de munc\u0103 sau un contract de activitate sportiv\u0103 cu cel pu\u0163in un antrenor sau un instructor sportiv, din 18.09.2025<\/a><\/li>\n<li>Ordin 687\/2025: <a style=\"color: #d1d1d1;\" href=\"https:\/\/wushu.ro\/wp-content\/uploads\/2026\/01\/Ordin-687-din-2025-Procedura-aviz-psihologic.pdf\" target=\"_blank\" rel=\"noopener\">Procedura \u015fi m\u0103surile de control privind eliberarea, existen\u0163a \u015fi valabilitatea avizului psihologic al personalului responsabil de preg\u0103tirea sportiv\u0103, din 22.08.2025<\/a><\/li>\n<li>Ordin 683\/2025: <a style=\"color: #d1d1d1;\" href=\"https:\/\/wushu.ro\/wp-content\/uploads\/2026\/01\/Ordin-683-din-2025-Statut-instructor-sportiv.pdf\" target=\"_blank\" rel=\"noopener\">Statutul instructorului sportiv, Cod COR 342202, din 19.08.2025<\/a><\/li>\n<li>Ordin 681\/2025: <a style=\"color: #d1d1d1;\" href=\"https:\/\/wushu.ro\/wp-content\/uploads\/2026\/01\/Ordin-681-din-2025-Reglementarile-privind-formarea-si-perfectionarea-in-educatie-fizica-si-sport.pdf\">Reglement\u0103rile privind formarea \u015fi perfec\u0163ionarea \u00een domeniul educa\u0163iei fizice \u015fi sportului, din 19.08.2025<\/a><\/li>\n<li>Ordin 682\/2025: <a style=\"color: #d1d1d1;\" href=\"https:\/\/wushu.ro\/wp-content\/uploads\/2026\/01\/Ordin-682-din-2025-Statut-preparator-sportiv.pdf\" target=\"_blank\" rel=\"noopener\">Statutul preparatorului sportiv &#8211; Cod COR 342209, din 19.08.2025<\/a><\/li>\n<li>Ordin 639\/2025: <a style=\"color: #d1d1d1;\" href=\"https:\/\/wushu.ro\/wp-content\/uploads\/2026\/01\/Ordin-639-din-2025-procedura-recunoastere-ramura.pdf\" target=\"_blank\" rel=\"noopener\">Procedura privind recunoa\u015fterea oficial\u0103 a practic\u0103rii unei noi ramuri de sport pe teritoriul Rom\u00e2niei, din 23.07.2025<\/a><\/li>\n<li>Ordin 84\/2023: <a style=\"color: #d1d1d1;\" href=\"https:\/\/wushu.ro\/wp-content\/uploads\/2026\/01\/Ordin-84-din-2023-Instructiuni-control.pdf\" target=\"_blank\" rel=\"noopener\">Instruc\u0163iuni de efectuare a controlului respect\u0103rii legilor \u015fi a celorlalte acte normative din domeniul sportului \u015fi de verificare a activit\u0103\u0163ilor sportive, a modului de func\u0163ionare \u015fi administrare a structurilor sportive, \u00een conformitate cu statutele, regulamentele \u015fi dispozi\u0163iile legale \u00een vigoare, \u015fi a documentelor utilizate \u00een activitatea de supraveghere \u015fi control \u00een domeniul sportului<\/a><\/li>\n<\/ul>\n","protected":false},"excerpt":{"rendered":"<p>Cotiza\u021bii 2026 Program activit\u0103\u021bi 2026 Regulamente Statut FRWK, act adi\u021bional Regulament de organizare \u0219i func\u021bionare FRWK Regulament de transfer Regulament de clasificare sportiv\u0103 Regulament Comisia de Disciplin\u0103 \u0219i Etic\u0103 Sportiv\u0103<\/p>\n<p><span class=\"more-link\"><a href=\"https:\/\/wushu.ro\/?page_id=45856\" class=\"readmore\">Mai mult<span class=\"screen-reader-text\">Documente \u0219i regulamente<\/span><\/a><\/span><\/p>\n","protected":false},"author":1,"featured_media":0,"parent":0,"menu_order":0,"comment_status":"closed","ping_status":"closed","template":"","meta":{"_monsterinsights_skip_tracking":false,"_monsterinsights_sitenote_active":false,"_monsterinsights_sitenote_note":"","_monsterinsights_sitenote_category":0,"ngg_post_thumbnail":0,"footnotes":""},"class_list":["post-45856","page","type-page","status-publish","hentry"],"jetpack_sharing_enabled":true,"_links":{"self":[{"href":"https:\/\/wushu.ro\/index.php?rest_route=\/wp\/v2\/pages\/45856","targetHints":{"allow":["GET"]}}],"collection":[{"href":"https:\/\/wushu.ro\/index.php?rest_route=\/wp\/v2\/pages"}],"about":[{"href":"https:\/\/wushu.ro\/index.php?rest_route=\/wp\/v2\/types\/page"}],"author":[{"embeddable":true,"href":"https:\/\/wushu.ro\/index.php?rest_route=\/wp\/v2\/users\/1"}],"replies":[{"embeddable":true,"href":"https:\/\/wushu.ro\/index.php?rest_route=%2Fwp%2Fv2%2Fcomments&post=45856"}],"version-history":[{"count":34,"href":"https:\/\/wushu.ro\/index.php?rest_route=\/wp\/v2\/pages\/45856\/revisions"}],"predecessor-version":[{"id":57416,"href":"https:\/\/wushu.ro\/index.php?rest_route=\/wp\/v2\/pages\/45856\/revisions\/57416"}],"wp:attachment":[{"href":"https:\/\/wushu.ro\/index.php?rest_route=%2Fwp%2Fv2%2Fmedia&parent=45856"}],"curies":[{"name":"wp","href":"https:\/\/api.w.org\/{rel}","templated":true}]}}