
{"id":639,"date":"2010-01-08T18:12:06","date_gmt":"2010-01-08T16:12:06","guid":{"rendered":"http:\/\/wushu.ro\/?page_id=639"},"modified":"2021-08-25T16:35:10","modified_gmt":"2021-08-25T14:35:10","slug":"clasificari-sportive","status":"publish","type":"page","link":"https:\/\/wushu.ro\/?page_id=639","title":{"rendered":"Distinc\u021bii sportive"},"content":{"rendered":"\t\t<div data-elementor-type=\"wp-page\" data-elementor-id=\"639\" class=\"elementor elementor-639\">\n\t\t\t\t\t\t<section class=\"elementor-section elementor-top-section elementor-element elementor-element-221a65a elementor-section-boxed elementor-section-height-default elementor-section-height-default exad-glass-effect-no exad-sticky-section-no\" data-id=\"221a65a\" data-element_type=\"section\">\n\t\t\t\t\t\t<div class=\"elementor-container elementor-column-gap-default\">\n\t\t\t\t\t<div class=\"elementor-column elementor-col-100 elementor-top-column elementor-element elementor-element-528a165f exad-glass-effect-no exad-sticky-section-no\" data-id=\"528a165f\" data-element_type=\"column\">\n\t\t\t<div class=\"elementor-widget-wrap elementor-element-populated\">\n\t\t\t\t\t\t<div class=\"elementor-element elementor-element-18c18776 exad-sticky-section-no exad-glass-effect-no elementor-widget elementor-widget-text-editor\" data-id=\"18c18776\" data-element_type=\"widget\" data-widget_type=\"text-editor.default\">\n\t\t\t\t<div class=\"elementor-widget-container\">\n\t\t\t\t\t\t\t\t\t<p style=\"margin-left: 18.0pt;\"><span style=\"font-size: 10pt; font-family: Poppins; color: #d1d1d1;\"><a style=\"color: #d1d1d1;\" href=\"https:\/\/wushu.ro\/?page_id=2710\" target=\"_blank\" rel=\"noopener noreferrer\">Antrenorii Emeri\u021bi FRWK<\/a>\u00a0<\/span><\/p><p style=\"margin-left: 18.0pt;\"><span style=\"font-size: 10pt; font-family: Poppins; color: #d1d1d1;\"><a style=\"color: #d1d1d1;\" href=\"https:\/\/wushu.ro\/?page_id=2716\" target=\"_blank\" rel=\"noopener noreferrer\">Mae\u0219trii Emeri\u021bi ai Sportului FRWK<\/a><\/span><\/p><p style=\"margin-left: 18.0pt;\"><span style=\"font-size: 10pt; font-family: Poppins; color: #d1d1d1;\"><a style=\"color: #d1d1d1;\" href=\"https:\/\/wushu.ro\/?page_id=2721\" target=\"_blank\" rel=\"noopener noreferrer\">Mae\u0219trii ai Sportului FRWK<\/a><\/span><\/p><p style=\"text-align: justify;\"><span style=\"font-size: 10pt; color: #d1d1d1;\">Pentru rezultate deosebite ob\u021binute de sportivii rom\u00e2ni \u00een competi\u021biile na\u021bionale \u0219i internationale oficiale, Ministerul Tineretului \u0219i Sportului acord\u0103 acestora, precum \u0219i antrenorilor care i-au preg\u0103tit, titlurile de Maestru Emerit al Sportului, Maestru al Sportului, respectiv de Antrenor Emerit. \u00ce<\/span><span style=\"font-size: 10pt; color: #d1d1d1;\">n conformitate cu Ordinul nr.1072\/2016, aceste titluri se acord\u0103 de c\u0103tre Ministerul Tineretului \u0219i Sportului, la propunerea federa\u021biilor sportive na\u021bionale. <\/span><span style=\"font-size: 10pt; color: #d1d1d1;\">Comitetul Director al Federa\u021biei Rom\u00e2ne de Wushu Kungfu, evalueaz\u0103 \u0219i aprob\u0103 cererile structurilor sportive afiliate la FRWK pentru sportivii, respectiv antrenorii care solicit\u0103 acordarea acestor titluri.<\/span><\/p><p style=\"text-align: justify;\"><span style=\"font-size: 10pt; color: #d1d1d1;\">Solicitarea de acordare a Titlurilor de Maestru Emerit al Sportului, Maestru al Sportului sau, dup\u0103 caz, Antrenor Emerit se va face \u00een scris, de c\u0103tre sportiv sau antrenor, cu acordul \u0219i recomandarea structurii sportive la care activeaz\u0103, pe formularul anexat; formularul, la care se ata\u0219eaz\u0103 2 fotografii, va fi transmis de c\u0103tre structura sportiv\u0103 la secretariatul federa\u021biei. Comitetul Director al FRWK analizeaz\u0103 solicitarea, evalueaz\u0103 at\u00e2t performan\u021bele sportive, c\u00e2t \u0219i conduita moral\u0103 \u0219i poate aproba solicitarea de acordarea titlului de c\u0103tre Ministerul Tineretului \u0219i Sportului.<\/span><\/p><p><span style=\"color: #d1d1d1; font-size: 12pt;\"><a style=\"color: #d1d1d1;\" href=\"https:\/\/wushu.ro\/wp-content\/uploads\/2019\/02\/NORME-DE-CLASIFICARE-SPORTIVA-2019.pdf\">Norme de clasificare sportiv\u0103<\/a><\/span><\/p><p><span style=\"color: #d1d1d1; font-size: 12pt;\"><a style=\"color: #d1d1d1;\" href=\"https:\/\/wushu.ro\/wp-content\/uploads\/2019\/02\/Cerere-clasificare-sportiva.pdf\" target=\"_blank\" rel=\"noopener\">Cerere de atribuire titlu sau clasificare sportiv\u0103<\/a><\/span><\/p>\t\t\t\t\t\t\t\t<\/div>\n\t\t\t\t<\/div>\n\t\t\t\t\t<\/div>\n\t\t<\/div>\n\t\t\t\t\t<\/div>\n\t\t<\/section>\n\t\t\t\t<\/div>\n\t\t","protected":false},"excerpt":{"rendered":"<p>Antrenorii Emeri\u021bi FRWK&nbsp; Mae\u0219trii Emeri\u021bi ai Sportului FRWK Mae\u0219trii ai Sportului FRWK Pentru rezultate deosebite ob\u021binute de sportivii rom\u00e2ni \u00een competi\u021biile na\u021bionale \u0219i internationale oficiale, Ministerul Tineretului \u0219i Sportului acord\u0103<\/p>\n<p><span class=\"more-link\"><a href=\"https:\/\/wushu.ro\/?page_id=639\" class=\"readmore\">Mai mult<span class=\"screen-reader-text\">Distinc\u021bii sportive<\/span><\/a><\/span><\/p>\n","protected":false},"author":1,"featured_media":0,"parent":0,"menu_order":5,"comment_status":"closed","ping_status":"closed","template":"","meta":{"_monsterinsights_skip_tracking":false,"_monsterinsights_sitenote_active":false,"_monsterinsights_sitenote_note":"","_monsterinsights_sitenote_category":0,"ngg_post_thumbnail":0,"footnotes":""},"class_list":["post-639","page","type-page","status-publish","hentry"],"jetpack_sharing_enabled":true,"_links":{"self":[{"href":"https:\/\/wushu.ro\/index.php?rest_route=\/wp\/v2\/pages\/639","targetHints":{"allow":["GET"]}}],"collection":[{"href":"https:\/\/wushu.ro\/index.php?rest_route=\/wp\/v2\/pages"}],"about":[{"href":"https:\/\/wushu.ro\/index.php?rest_route=\/wp\/v2\/types\/page"}],"author":[{"embeddable":true,"href":"https:\/\/wushu.ro\/index.php?rest_route=\/wp\/v2\/users\/1"}],"replies":[{"embeddable":true,"href":"https:\/\/wushu.ro\/index.php?rest_route=%2Fwp%2Fv2%2Fcomments&post=639"}],"version-history":[{"count":0,"href":"https:\/\/wushu.ro\/index.php?rest_route=\/wp\/v2\/pages\/639\/revisions"}],"wp:attachment":[{"href":"https:\/\/wushu.ro\/index.php?rest_route=%2Fwp%2Fv2%2Fmedia&parent=639"}],"curies":[{"name":"wp","href":"https:\/\/api.w.org\/{rel}","templated":true}]}}