
{"id":880,"date":"2011-05-07T13:46:50","date_gmt":"2011-05-07T11:46:50","guid":{"rendered":"http:\/\/wushu.ro\/?page_id=880"},"modified":"2025-01-10T17:00:19","modified_gmt":"2025-01-10T15:00:19","slug":"comisii-si-colegii","status":"publish","type":"page","link":"https:\/\/wushu.ro\/?page_id=880","title":{"rendered":"FRWK"},"content":{"rendered":"\t\t<div data-elementor-type=\"wp-page\" data-elementor-id=\"880\" class=\"elementor elementor-880\">\n\t\t\t\t\t\t<section class=\"elementor-section elementor-top-section elementor-element elementor-element-7106c069 elementor-section-boxed elementor-section-height-default elementor-section-height-default exad-glass-effect-no exad-sticky-section-no\" data-id=\"7106c069\" data-element_type=\"section\">\n\t\t\t\t\t\t<div class=\"elementor-container elementor-column-gap-default\">\n\t\t\t\t\t<div class=\"elementor-column elementor-col-100 elementor-top-column elementor-element elementor-element-1f10333e exad-glass-effect-no exad-sticky-section-no\" data-id=\"1f10333e\" data-element_type=\"column\">\n\t\t\t<div class=\"elementor-widget-wrap elementor-element-populated\">\n\t\t\t\t\t\t<div class=\"elementor-element elementor-element-2b49c5a9 exad-sticky-section-no exad-glass-effect-no elementor-widget elementor-widget-text-editor\" data-id=\"2b49c5a9\" data-element_type=\"widget\" data-widget_type=\"text-editor.default\">\n\t\t\t\t<div class=\"elementor-widget-container\">\n\t\t\t\t\t\t\t\t\t<p style=\"text-align: center;\"><span style=\"color: #d1d1d1;\"><span style=\"font-size: 8pt;\"><span style=\"font-family: poppins;\">Certificat de identitate sportiv\u0103 nr. 0077400\/18.12.2018; <\/span><\/span><\/span><span style=\"font-family: poppins; font-size: 8pt; color: #d1d1d1;\">Num\u0103r de identificare din Registrul sportiv B\/C\/00002\/2018<\/span><\/p><p style=\"text-align: justify;\"><span style=\"font-family: poppins; font-size: 10pt; color: #d1d1d1;\">Federa\u021bia Rom\u00e2n\u0103 de Wushu Kungfu (FRWK), \u00eenfiin\u021bat\u0103 \u00een anul 2018, este continuatoarea de drept a Departamentului Wushu Kungfu, care a coordonat activitatea ramurii sportive Wushu Kungfu \u00een cadrul Federa\u021biei Rom\u00e2ne de Arte Mar\u021biale, \u00eenc\u0103 din anul 1990. Federa\u021bia nou infiin\u021bat\u0103 preia \u00eentregul palmares ob\u021binut, precum \u0219i \u00eentregul istoric al activit\u0103\u021bii desf\u0103\u0219urate \u00een perioada func\u021bion\u0103rii \u00een FRAM.<\/span><\/p><p style=\"text-align: justify;\"><span style=\"font-family: poppins; font-size: 10pt; color: #d1d1d1;\"> FRWK este o structur\u0103 sportiv\u0103 de interes na\u0163ional, singura autorizat\u0103 s\u0103 desf\u0103\u0219oare, s\u0103 organizeze \u0219i s\u0103 controleze activitatea ramurii sportive Wushu Kungfu \u00een Rom\u00e2nia, conform Legii Educa\u021biei Fizice \u0219i Sportului nr.69\/2000, precum \u0219i singura autoritate Wushu Kungfu din Rom\u00e2nia recunoscut\u0103 de organismele interna\u021bionale IWUF \u0219i EWUF.<\/span><\/p><p><span style=\"color: #d1d1d1;\"><strong><span style=\"font-family: poppins; font-size: 10pt;\">Comitetul Director al FRWK<\/span><\/strong><\/span><br \/><span style=\"font-size: 10pt; font-family: poppins; color: #d1d1d1;\">Pre\u0219edinte \u2013 Petru Grindeanu<\/span><br \/><span style=\"font-size: 10pt; font-family: poppins; color: #d1d1d1;\">Vicepre\u0219edinte \u2013\u00a0<\/span><span style=\"color: #d1d1d1; font-family: poppins; font-size: 13.3333px;\">Atila Ladislau Horvath<\/span><br \/><span style=\"font-size: 10pt; font-family: poppins; color: #d1d1d1;\">Vicepre\u0219edinte \u2013 Silviu \u0218tef\u0103ni\u021b\u0103 Obeanu<\/span><br \/><span style=\"font-size: 10pt; font-family: poppins; color: #d1d1d1;\">Secretar General \u2013\u00a0<\/span><span style=\"color: #d1d1d1; font-family: poppins; font-size: 13.3333px;\">Florin Gurb\u0103nescu<\/span><br \/><span style=\"font-size: 10pt; font-family: poppins; color: #d1d1d1;\">Membru \u2013 Hora\u021biu Constantin B\u00eerleanu <\/span><br \/><span style=\"font-size: 10pt; font-family: poppins; color: #d1d1d1;\">Membru \u2013 Sonia Grindeanu<\/span><br \/><span style=\"font-size: 10pt; font-family: poppins; color: #d1d1d1;\">Membru \u2013\u00a0<\/span><span style=\"color: #d1d1d1; font-family: poppins; font-size: 13.3333px;\">Constantin Vasilescu<\/span><br \/><span style=\"font-size: 10pt; font-family: poppins; color: #d1d1d1;\">Membru \u2013 Georgiana Radovicescu<\/span><br \/><span style=\"font-size: 10pt; font-family: poppins; color: #d1d1d1;\">Membru \u2013 Florin Viorel Banco\u0219<\/span><\/p><p><a style=\"font-family: var( --e-global-typography-text-font-family ), Sans-serif; font-weight: var( --e-global-typography-text-font-weight ); background-color: #0a0a0a; font-size: 1.25rem; color: #d1d1d1;\" href=\"https:\/\/wushu.ro\/?page_id=45856\"><strong><span style=\"font-family: poppins; font-size: 10pt;\">Documente \u0219i regulamente<\/span><\/strong><\/a><\/p><p>\u00a0<\/p><p>\u00a0<\/p>\t\t\t\t\t\t\t\t<\/div>\n\t\t\t\t<\/div>\n\t\t\t\t\t<\/div>\n\t\t<\/div>\n\t\t\t\t\t<\/div>\n\t\t<\/section>\n\t\t\t\t<\/div>\n\t\t","protected":false},"excerpt":{"rendered":"<p>Certificat de identitate sportiv\u0103 nr. 0077400\/18.12.2018; Num\u0103r de identificare din Registrul sportiv B\/C\/00002\/2018 Federa\u021bia Rom\u00e2n\u0103 de Wushu Kungfu (FRWK), \u00eenfiin\u021bat\u0103 \u00een anul 2018, este continuatoarea de drept a Departamentului Wushu<\/p>\n<p><span class=\"more-link\"><a href=\"https:\/\/wushu.ro\/?page_id=880\" class=\"readmore\">Mai mult<span class=\"screen-reader-text\">FRWK<\/span><\/a><\/span><\/p>\n","protected":false},"author":1,"featured_media":0,"parent":0,"menu_order":1,"comment_status":"closed","ping_status":"closed","template":"","meta":{"_monsterinsights_skip_tracking":false,"_monsterinsights_sitenote_active":false,"_monsterinsights_sitenote_note":"","_monsterinsights_sitenote_category":0,"ngg_post_thumbnail":0,"footnotes":""},"class_list":["post-880","page","type-page","status-publish","hentry"],"jetpack_sharing_enabled":true,"_links":{"self":[{"href":"https:\/\/wushu.ro\/index.php?rest_route=\/wp\/v2\/pages\/880","targetHints":{"allow":["GET"]}}],"collection":[{"href":"https:\/\/wushu.ro\/index.php?rest_route=\/wp\/v2\/pages"}],"about":[{"href":"https:\/\/wushu.ro\/index.php?rest_route=\/wp\/v2\/types\/page"}],"author":[{"embeddable":true,"href":"https:\/\/wushu.ro\/index.php?rest_route=\/wp\/v2\/users\/1"}],"replies":[{"embeddable":true,"href":"https:\/\/wushu.ro\/index.php?rest_route=%2Fwp%2Fv2%2Fcomments&post=880"}],"version-history":[{"count":8,"href":"https:\/\/wushu.ro\/index.php?rest_route=\/wp\/v2\/pages\/880\/revisions"}],"predecessor-version":[{"id":57288,"href":"https:\/\/wushu.ro\/index.php?rest_route=\/wp\/v2\/pages\/880\/revisions\/57288"}],"wp:attachment":[{"href":"https:\/\/wushu.ro\/index.php?rest_route=%2Fwp%2Fv2%2Fmedia&parent=880"}],"curies":[{"name":"wp","href":"https:\/\/api.w.org\/{rel}","templated":true}]}}